{"id":18,"date":"2026-01-21T14:54:14","date_gmt":"2026-01-21T14:54:14","guid":{"rendered":"https:\/\/fcasagrande.org\/?page_id=18"},"modified":"2026-01-21T21:15:09","modified_gmt":"2026-01-21T21:15:09","slug":"galeria","status":"publish","type":"page","link":"https:\/\/fcasagrande.org\/en\/galeria\/","title":{"rendered":"Galer\u00eda"},"content":{"rendered":"<div data-elementor-type=\"wp-page\" data-elementor-id=\"18\" class=\"elementor elementor-18\" data-elementor-post-type=\"page\">\n\t\t\t\t<div class=\"elementor-element elementor-element-c27a5a4 e-flex e-con-boxed e-con e-parent\" data-id=\"c27a5a4\" data-element_type=\"container\" data-settings=\"{&quot;background_background&quot;:&quot;gradient&quot;}\">\n\t\t\t\t\t<div class=\"e-con-inner\">\n\t\t<div class=\"elementor-element elementor-element-88dda6a e-con-full e-flex e-con e-child\" data-id=\"88dda6a\" data-element_type=\"container\">\n\t\t<div class=\"elementor-element elementor-element-418a461 e-con-full e-flex e-con e-child\" data-id=\"418a461\" data-element_type=\"container\">\n\t\t\t\t<div class=\"elementor-element elementor-element-ea3db84 elementor-widget elementor-widget-heading\" data-id=\"ea3db84\" data-element_type=\"widget\" data-widget_type=\"heading.default\">\n\t\t\t\t\t<span class=\"elementor-heading-title elementor-size-default\">Con\u00f3cenos<\/span>\t\t\t\t<\/div>\n\t\t\t\t<div class=\"elementor-element elementor-element-2c27130 elementor-widget elementor-widget-heading\" data-id=\"2c27130\" data-element_type=\"widget\" data-widget_type=\"heading.default\">\n\t\t\t\t\t<h1 class=\"elementor-heading-title elementor-size-default\">Galer\u00eda<\/h1>\t\t\t\t<\/div>\n\t\t\t\t<\/div>\n\t\t\t\t<\/div>\n\t\t\t\t\t<\/div>\n\t\t\t\t<\/div>\n\t\t<div class=\"elementor-element elementor-element-30260ef e-flex e-con-boxed e-con e-parent\" data-id=\"30260ef\" data-element_type=\"container\">\n\t\t\t\t\t<div class=\"e-con-inner\">\n\t\t\t\t<div class=\"elementor-element elementor-element-66b2502 elementor-widget elementor-widget-image\" data-id=\"66b2502\" data-element_type=\"widget\" data-widget_type=\"image.default\">\n\t\t\t\t\t\t\t\t\t\t\t\t\t\t\t<img fetchpriority=\"high\" decoding=\"async\" width=\"840\" height=\"560\" src=\"https:\/\/fcasagrande.org\/wp-content\/uploads\/2026\/01\/JR8_4663-2-1-1.jpg\" class=\"attachment-full size-full wp-image-268\" alt=\"\" srcset=\"https:\/\/fcasagrande.org\/wp-content\/uploads\/2026\/01\/JR8_4663-2-1-1.jpg 840w, https:\/\/fcasagrande.org\/wp-content\/uploads\/2026\/01\/JR8_4663-2-1-1-300x200.jpg 300w, https:\/\/fcasagrande.org\/wp-content\/uploads\/2026\/01\/JR8_4663-2-1-1-768x512.jpg 768w\" sizes=\"(max-width: 840px) 100vw, 840px\" \/>\t\t\t\t\t\t\t\t\t\t\t\t\t\t\t<\/div>\n\t\t\t\t<div class=\"elementor-element elementor-element-f99e5c2 elementor-widget elementor-widget-gallery\" data-id=\"f99e5c2\" data-element_type=\"widget\" data-settings=\"{&quot;gallery_layout&quot;:&quot;masonry&quot;,&quot;columns&quot;:2,&quot;gap&quot;:{&quot;unit&quot;:&quot;px&quot;,&quot;size&quot;:24,&quot;sizes&quot;:[]},&quot;lazyload&quot;:&quot;yes&quot;,&quot;columns_tablet&quot;:2,&quot;columns_mobile&quot;:1,&quot;gap_widescreen&quot;:{&quot;unit&quot;:&quot;px&quot;,&quot;size&quot;:&quot;&quot;,&quot;sizes&quot;:[]},&quot;gap_laptop&quot;:{&quot;unit&quot;:&quot;px&quot;,&quot;size&quot;:10,&quot;sizes&quot;:[]},&quot;gap_tablet&quot;:{&quot;unit&quot;:&quot;px&quot;,&quot;size&quot;:10,&quot;sizes&quot;:[]},&quot;gap_mobile&quot;:{&quot;unit&quot;:&quot;px&quot;,&quot;size&quot;:10,&quot;sizes&quot;:[]},&quot;link_to&quot;:&quot;file&quot;,&quot;overlay_background&quot;:&quot;yes&quot;,&quot;content_hover_animation&quot;:&quot;fade-in&quot;}\" data-widget_type=\"gallery.default\">\n\t\t\t\t\t\t\t<div class=\"elementor-gallery__container\">\n\t\t\t\t\t\t\t<a class=\"e-gallery-item elementor-gallery-item elementor-animated-content\" href=\"https:\/\/fcasagrande.org\/wp-content\/uploads\/2026\/01\/JR8_4651-2-1-1.jpg\" data-elementor-open-lightbox=\"yes\" data-elementor-lightbox-slideshow=\"f99e5c2\" data-elementor-lightbox-title=\"JR8_4651 2 (1)\" data-e-action-hash=\"#elementor-action%3Aaction%3Dlightbox%26settings%3DeyJpZCI6MjY3LCJ1cmwiOiJodHRwczpcL1wvZmNhc2FncmFuZGUub3JnXC93cC1jb250ZW50XC91cGxvYWRzXC8yMDI2XC8wMVwvSlI4XzQ2NTEtMi0xLTEuanBnIiwic2xpZGVzaG93IjoiZjk5ZTVjMiJ9\">\n\t\t\t\t\t<div class=\"e-gallery-image elementor-gallery-item__image\" data-thumbnail=\"https:\/\/fcasagrande.org\/wp-content\/uploads\/2026\/01\/JR8_4651-2-1-1.jpg\" data-width=\"408\" data-height=\"274\" aria-label=\"\" role=\"img\" ><\/div>\n\t\t\t\t\t\t\t\t\t\t\t<div class=\"elementor-gallery-item__overlay\"><\/div>\n\t\t\t\t\t\t\t\t\t\t\t\t\t\t<\/a>\n\t\t\t\t\t\t\t<a class=\"e-gallery-item elementor-gallery-item elementor-animated-content\" href=\"https:\/\/fcasagrande.org\/wp-content\/uploads\/2026\/01\/JR8_4647-2-1-1.jpg\" data-elementor-open-lightbox=\"yes\" data-elementor-lightbox-slideshow=\"f99e5c2\" data-elementor-lightbox-title=\"JR8_4647 2 (1)\" data-e-action-hash=\"#elementor-action%3Aaction%3Dlightbox%26settings%3DeyJpZCI6MjY2LCJ1cmwiOiJodHRwczpcL1wvZmNhc2FncmFuZGUub3JnXC93cC1jb250ZW50XC91cGxvYWRzXC8yMDI2XC8wMVwvSlI4XzQ2NDctMi0xLTEuanBnIiwic2xpZGVzaG93IjoiZjk5ZTVjMiJ9\">\n\t\t\t\t\t<div class=\"e-gallery-image elementor-gallery-item__image\" data-thumbnail=\"https:\/\/fcasagrande.org\/wp-content\/uploads\/2026\/01\/JR8_4647-2-1-1.jpg\" data-width=\"408\" data-height=\"274\" aria-label=\"\" role=\"img\" ><\/div>\n\t\t\t\t\t\t\t\t\t\t\t<div class=\"elementor-gallery-item__overlay\"><\/div>\n\t\t\t\t\t\t\t\t\t\t\t\t\t\t<\/a>\n\t\t\t\t\t<\/div>\n\t\t\t\t\t<\/div>\n\t\t\t\t<div class=\"elementor-element elementor-element-7514070 elementor-widget elementor-widget-image\" data-id=\"7514070\" data-element_type=\"widget\" data-widget_type=\"image.default\">\n\t\t\t\t\t\t\t\t\t\t\t\t\t\t\t<img decoding=\"async\" width=\"838\" height=\"560\" src=\"https:\/\/fcasagrande.org\/wp-content\/uploads\/2026\/01\/JR8_4642-2-1.jpg\" class=\"attachment-full size-full wp-image-274\" alt=\"\" srcset=\"https:\/\/fcasagrande.org\/wp-content\/uploads\/2026\/01\/JR8_4642-2-1.jpg 838w, https:\/\/fcasagrande.org\/wp-content\/uploads\/2026\/01\/JR8_4642-2-1-300x200.jpg 300w, https:\/\/fcasagrande.org\/wp-content\/uploads\/2026\/01\/JR8_4642-2-1-768x513.jpg 768w\" sizes=\"(max-width: 838px) 100vw, 838px\" \/>\t\t\t\t\t\t\t\t\t\t\t\t\t\t\t<\/div>\n\t\t\t\t<div class=\"elementor-element elementor-element-44f9d27 elementor-widget elementor-widget-gallery\" data-id=\"44f9d27\" data-element_type=\"widget\" data-settings=\"{&quot;gallery_layout&quot;:&quot;masonry&quot;,&quot;columns&quot;:2,&quot;gap&quot;:{&quot;unit&quot;:&quot;px&quot;,&quot;size&quot;:24,&quot;sizes&quot;:[]},&quot;lazyload&quot;:&quot;yes&quot;,&quot;columns_tablet&quot;:2,&quot;columns_mobile&quot;:1,&quot;gap_widescreen&quot;:{&quot;unit&quot;:&quot;px&quot;,&quot;size&quot;:&quot;&quot;,&quot;sizes&quot;:[]},&quot;gap_laptop&quot;:{&quot;unit&quot;:&quot;px&quot;,&quot;size&quot;:10,&quot;sizes&quot;:[]},&quot;gap_tablet&quot;:{&quot;unit&quot;:&quot;px&quot;,&quot;size&quot;:10,&quot;sizes&quot;:[]},&quot;gap_mobile&quot;:{&quot;unit&quot;:&quot;px&quot;,&quot;size&quot;:10,&quot;sizes&quot;:[]},&quot;link_to&quot;:&quot;file&quot;,&quot;overlay_background&quot;:&quot;yes&quot;,&quot;content_hover_animation&quot;:&quot;fade-in&quot;}\" data-widget_type=\"gallery.default\">\n\t\t\t\t\t\t\t<div class=\"elementor-gallery__container\">\n\t\t\t\t\t\t\t<a class=\"e-gallery-item elementor-gallery-item elementor-animated-content\" href=\"https:\/\/fcasagrande.org\/wp-content\/uploads\/2026\/01\/JR8_4635-2-1.jpg\" data-elementor-open-lightbox=\"yes\" data-elementor-lightbox-slideshow=\"44f9d27\" data-elementor-lightbox-title=\"JR8_4635 2 (1)\" data-e-action-hash=\"#elementor-action%3Aaction%3Dlightbox%26settings%3DeyJpZCI6MjczLCJ1cmwiOiJodHRwczpcL1wvZmNhc2FncmFuZGUub3JnXC93cC1jb250ZW50XC91cGxvYWRzXC8yMDI2XC8wMVwvSlI4XzQ2MzUtMi0xLmpwZyIsInNsaWRlc2hvdyI6IjQ0ZjlkMjcifQ%3D%3D\">\n\t\t\t\t\t<div class=\"e-gallery-image elementor-gallery-item__image\" data-thumbnail=\"https:\/\/fcasagrande.org\/wp-content\/uploads\/2026\/01\/JR8_4635-2-1.jpg\" data-width=\"408\" data-height=\"274\" aria-label=\"\" role=\"img\" ><\/div>\n\t\t\t\t\t\t\t\t\t\t\t<div class=\"elementor-gallery-item__overlay\"><\/div>\n\t\t\t\t\t\t\t\t\t\t\t\t\t\t<\/a>\n\t\t\t\t\t\t\t<a class=\"e-gallery-item elementor-gallery-item elementor-animated-content\" href=\"https:\/\/fcasagrande.org\/wp-content\/uploads\/2026\/01\/JR8_4631-ADMON040-2-1-1.jpg\" data-elementor-open-lightbox=\"yes\" data-elementor-lightbox-slideshow=\"44f9d27\" data-elementor-lightbox-title=\"JR8_4631-ADMON040 2 (1)\" data-e-action-hash=\"#elementor-action%3Aaction%3Dlightbox%26settings%3DeyJpZCI6MjcyLCJ1cmwiOiJodHRwczpcL1wvZmNhc2FncmFuZGUub3JnXC93cC1jb250ZW50XC91cGxvYWRzXC8yMDI2XC8wMVwvSlI4XzQ2MzEtQURNT04wNDAtMi0xLTEuanBnIiwic2xpZGVzaG93IjoiNDRmOWQyNyJ9\">\n\t\t\t\t\t<div class=\"e-gallery-image elementor-gallery-item__image\" data-thumbnail=\"https:\/\/fcasagrande.org\/wp-content\/uploads\/2026\/01\/JR8_4631-ADMON040-2-1-1.jpg\" data-width=\"408\" data-height=\"274\" aria-label=\"\" role=\"img\" ><\/div>\n\t\t\t\t\t\t\t\t\t\t\t<div class=\"elementor-gallery-item__overlay\"><\/div>\n\t\t\t\t\t\t\t\t\t\t\t\t\t\t<\/a>\n\t\t\t\t\t<\/div>\n\t\t\t\t\t<\/div>\n\t\t\t\t<div class=\"elementor-element elementor-element-dce86b8 elementor-widget elementor-widget-image\" data-id=\"dce86b8\" data-element_type=\"widget\" data-widget_type=\"image.default\">\n\t\t\t\t\t\t\t\t\t\t\t\t\t\t\t<img decoding=\"async\" width=\"838\" height=\"560\" src=\"https:\/\/fcasagrande.org\/wp-content\/uploads\/2026\/01\/JR8_4629-2-1-1.jpg\" class=\"attachment-full size-full wp-image-271\" alt=\"\" srcset=\"https:\/\/fcasagrande.org\/wp-content\/uploads\/2026\/01\/JR8_4629-2-1-1.jpg 838w, https:\/\/fcasagrande.org\/wp-content\/uploads\/2026\/01\/JR8_4629-2-1-1-300x200.jpg 300w, https:\/\/fcasagrande.org\/wp-content\/uploads\/2026\/01\/JR8_4629-2-1-1-768x513.jpg 768w\" sizes=\"(max-width: 838px) 100vw, 838px\" \/>\t\t\t\t\t\t\t\t\t\t\t\t\t\t\t<\/div>\n\t\t\t\t<div class=\"elementor-element elementor-element-fd0f88c elementor-widget elementor-widget-gallery\" data-id=\"fd0f88c\" data-element_type=\"widget\" data-settings=\"{&quot;gallery_layout&quot;:&quot;masonry&quot;,&quot;columns&quot;:2,&quot;gap&quot;:{&quot;unit&quot;:&quot;px&quot;,&quot;size&quot;:24,&quot;sizes&quot;:[]},&quot;lazyload&quot;:&quot;yes&quot;,&quot;columns_tablet&quot;:2,&quot;columns_mobile&quot;:1,&quot;gap_widescreen&quot;:{&quot;unit&quot;:&quot;px&quot;,&quot;size&quot;:&quot;&quot;,&quot;sizes&quot;:[]},&quot;gap_laptop&quot;:{&quot;unit&quot;:&quot;px&quot;,&quot;size&quot;:10,&quot;sizes&quot;:[]},&quot;gap_tablet&quot;:{&quot;unit&quot;:&quot;px&quot;,&quot;size&quot;:10,&quot;sizes&quot;:[]},&quot;gap_mobile&quot;:{&quot;unit&quot;:&quot;px&quot;,&quot;size&quot;:10,&quot;sizes&quot;:[]},&quot;link_to&quot;:&quot;file&quot;,&quot;overlay_background&quot;:&quot;yes&quot;,&quot;content_hover_animation&quot;:&quot;fade-in&quot;}\" data-widget_type=\"gallery.default\">\n\t\t\t\t\t\t\t<div class=\"elementor-gallery__container\">\n\t\t\t\t\t\t\t<a class=\"e-gallery-item elementor-gallery-item elementor-animated-content\" href=\"https:\/\/fcasagrande.org\/wp-content\/uploads\/2026\/01\/JR8_4680-1-1-1.jpg\" data-elementor-open-lightbox=\"yes\" data-elementor-lightbox-slideshow=\"fd0f88c\" data-elementor-lightbox-title=\"JR8_4680 1 (1)\" data-e-action-hash=\"#elementor-action%3Aaction%3Dlightbox%26settings%3DeyJpZCI6MjcwLCJ1cmwiOiJodHRwczpcL1wvZmNhc2FncmFuZGUub3JnXC93cC1jb250ZW50XC91cGxvYWRzXC8yMDI2XC8wMVwvSlI4XzQ2ODAtMS0xLTEuanBnIiwic2xpZGVzaG93IjoiZmQwZjg4YyJ9\">\n\t\t\t\t\t<div class=\"e-gallery-image elementor-gallery-item__image\" data-thumbnail=\"https:\/\/fcasagrande.org\/wp-content\/uploads\/2026\/01\/JR8_4680-1-1-1.jpg\" data-width=\"408\" data-height=\"274\" aria-label=\"\" role=\"img\" ><\/div>\n\t\t\t\t\t\t\t\t\t\t\t<div class=\"elementor-gallery-item__overlay\"><\/div>\n\t\t\t\t\t\t\t\t\t\t\t\t\t\t<\/a>\n\t\t\t\t\t\t\t<a class=\"e-gallery-item elementor-gallery-item elementor-animated-content\" href=\"https:\/\/fcasagrande.org\/wp-content\/uploads\/2026\/01\/JR8_4669-1-1.jpg\" data-elementor-open-lightbox=\"yes\" data-elementor-lightbox-slideshow=\"fd0f88c\" data-elementor-lightbox-title=\"JR8_4669 1 (1)\" data-e-action-hash=\"#elementor-action%3Aaction%3Dlightbox%26settings%3DeyJpZCI6MjY5LCJ1cmwiOiJodHRwczpcL1wvZmNhc2FncmFuZGUub3JnXC93cC1jb250ZW50XC91cGxvYWRzXC8yMDI2XC8wMVwvSlI4XzQ2NjktMS0xLmpwZyIsInNsaWRlc2hvdyI6ImZkMGY4OGMifQ%3D%3D\">\n\t\t\t\t\t<div class=\"e-gallery-image elementor-gallery-item__image\" data-thumbnail=\"https:\/\/fcasagrande.org\/wp-content\/uploads\/2026\/01\/JR8_4669-1-1.jpg\" data-width=\"408\" data-height=\"274\" aria-label=\"\" role=\"img\" ><\/div>\n\t\t\t\t\t\t\t\t\t\t\t<div class=\"elementor-gallery-item__overlay\"><\/div>\n\t\t\t\t\t\t\t\t\t\t\t\t\t\t<\/a>\n\t\t\t\t\t<\/div>\n\t\t\t\t\t<\/div>\n\t\t\t\t\t<\/div>\n\t\t\t\t<\/div>\n\t\t\t\t<\/div>","protected":false},"excerpt":{"rendered":"<p>Con\u00f3cenos Galer\u00eda<\/p>","protected":false},"author":1,"featured_media":0,"parent":0,"menu_order":0,"comment_status":"closed","ping_status":"closed","template":"","meta":{"footnotes":""},"class_list":["post-18","page","type-page","status-publish","hentry"],"yoast_head":"<!-- This site is optimized with the Yoast SEO plugin v26.9 - https:\/\/yoast.com\/product\/yoast-seo-wordpress\/ -->\n<title>Galer\u00eda - Fundaci\u00f3n Casa Grande<\/title>\n<meta name=\"robots\" content=\"index, follow, max-snippet:-1, max-image-preview:large, max-video-preview:-1\" \/>\n<link rel=\"canonical\" href=\"https:\/\/fcasagrande.org\/en\/galeria\/\" \/>\n<meta property=\"og:locale\" content=\"en_US\" \/>\n<meta property=\"og:type\" content=\"article\" \/>\n<meta property=\"og:title\" content=\"Galer\u00eda - Fundaci\u00f3n Casa Grande\" \/>\n<meta property=\"og:description\" content=\"Con\u00f3cenos Galer\u00eda\" \/>\n<meta property=\"og:url\" content=\"https:\/\/fcasagrande.org\/en\/galeria\/\" \/>\n<meta property=\"og:site_name\" content=\"Fundaci\u00f3n Casa Grande\" \/>\n<meta property=\"article:modified_time\" content=\"2026-01-21T21:15:09+00:00\" \/>\n<meta property=\"og:image\" content=\"https:\/\/fcasagrande.org\/wp-content\/uploads\/2026\/01\/JR8_4663-2-1-1.jpg\" \/>\n\t<meta property=\"og:image:width\" content=\"840\" \/>\n\t<meta property=\"og:image:height\" content=\"560\" \/>\n\t<meta property=\"og:image:type\" content=\"image\/jpeg\" \/>\n<meta name=\"twitter:card\" content=\"summary_large_image\" \/>\n<script type=\"application\/ld+json\" class=\"yoast-schema-graph\">{\"@context\":\"https:\/\/schema.org\",\"@graph\":[{\"@type\":\"WebPage\",\"@id\":\"https:\/\/fcasagrande.org\/galeria\/\",\"url\":\"https:\/\/fcasagrande.org\/galeria\/\",\"name\":\"Galer\u00eda - Fundaci\u00f3n Casa Grande\",\"isPartOf\":{\"@id\":\"https:\/\/fcasagrande.org\/#website\"},\"primaryImageOfPage\":{\"@id\":\"https:\/\/fcasagrande.org\/galeria\/#primaryimage\"},\"image\":{\"@id\":\"https:\/\/fcasagrande.org\/galeria\/#primaryimage\"},\"thumbnailUrl\":\"https:\/\/fcasagrande.org\/wp-content\/uploads\/2026\/01\/JR8_4663-2-1-1.jpg\",\"datePublished\":\"2026-01-21T14:54:14+00:00\",\"dateModified\":\"2026-01-21T21:15:09+00:00\",\"breadcrumb\":{\"@id\":\"https:\/\/fcasagrande.org\/galeria\/#breadcrumb\"},\"inLanguage\":\"en-US\",\"potentialAction\":[{\"@type\":\"ReadAction\",\"target\":[\"https:\/\/fcasagrande.org\/galeria\/\"]}]},{\"@type\":\"ImageObject\",\"inLanguage\":\"en-US\",\"@id\":\"https:\/\/fcasagrande.org\/galeria\/#primaryimage\",\"url\":\"https:\/\/fcasagrande.org\/wp-content\/uploads\/2026\/01\/JR8_4663-2-1-1.jpg\",\"contentUrl\":\"https:\/\/fcasagrande.org\/wp-content\/uploads\/2026\/01\/JR8_4663-2-1-1.jpg\"},{\"@type\":\"BreadcrumbList\",\"@id\":\"https:\/\/fcasagrande.org\/galeria\/#breadcrumb\",\"itemListElement\":[{\"@type\":\"ListItem\",\"position\":1,\"name\":\"Portada\",\"item\":\"https:\/\/fcasagrande.org\/\"},{\"@type\":\"ListItem\",\"position\":2,\"name\":\"Galer\u00eda\"}]},{\"@type\":\"WebSite\",\"@id\":\"https:\/\/fcasagrande.org\/#website\",\"url\":\"https:\/\/fcasagrande.org\/\",\"name\":\"Fundaci\u00f3n Casa Grande\",\"description\":\"\",\"publisher\":{\"@id\":\"https:\/\/fcasagrande.org\/#organization\"},\"potentialAction\":[{\"@type\":\"SearchAction\",\"target\":{\"@type\":\"EntryPoint\",\"urlTemplate\":\"https:\/\/fcasagrande.org\/?s={search_term_string}\"},\"query-input\":{\"@type\":\"PropertyValueSpecification\",\"valueRequired\":true,\"valueName\":\"search_term_string\"}}],\"inLanguage\":\"en-US\"},{\"@type\":\"Organization\",\"@id\":\"https:\/\/fcasagrande.org\/#organization\",\"name\":\"Fundaci\u00f3n Casa Grande\",\"url\":\"https:\/\/fcasagrande.org\/\",\"logo\":{\"@type\":\"ImageObject\",\"inLanguage\":\"en-US\",\"@id\":\"https:\/\/fcasagrande.org\/#\/schema\/logo\/image\/\",\"url\":\"https:\/\/fcasagrande.org\/wp-content\/uploads\/2026\/01\/Gemini_Generated_Image_89wy1b89wy1b89wy-1.svg\",\"contentUrl\":\"https:\/\/fcasagrande.org\/wp-content\/uploads\/2026\/01\/Gemini_Generated_Image_89wy1b89wy1b89wy-1.svg\",\"caption\":\"Fundaci\u00f3n Casa Grande\"},\"image\":{\"@id\":\"https:\/\/fcasagrande.org\/#\/schema\/logo\/image\/\"}}]}<\/script>\n<!-- \/ Yoast SEO plugin. -->","yoast_head_json":{"title":"Galer\u00eda - Fundaci\u00f3n Casa Grande","robots":{"index":"index","follow":"follow","max-snippet":"max-snippet:-1","max-image-preview":"max-image-preview:large","max-video-preview":"max-video-preview:-1"},"canonical":"https:\/\/fcasagrande.org\/en\/galeria\/","og_locale":"en_US","og_type":"article","og_title":"Galer\u00eda - Fundaci\u00f3n Casa Grande","og_description":"Con\u00f3cenos Galer\u00eda","og_url":"https:\/\/fcasagrande.org\/en\/galeria\/","og_site_name":"Fundaci\u00f3n Casa Grande","article_modified_time":"2026-01-21T21:15:09+00:00","og_image":[{"width":840,"height":560,"url":"https:\/\/fcasagrande.org\/wp-content\/uploads\/2026\/01\/JR8_4663-2-1-1.jpg","type":"image\/jpeg"}],"twitter_card":"summary_large_image","schema":{"@context":"https:\/\/schema.org","@graph":[{"@type":"WebPage","@id":"https:\/\/fcasagrande.org\/galeria\/","url":"https:\/\/fcasagrande.org\/galeria\/","name":"Galer\u00eda - Fundaci\u00f3n Casa Grande","isPartOf":{"@id":"https:\/\/fcasagrande.org\/#website"},"primaryImageOfPage":{"@id":"https:\/\/fcasagrande.org\/galeria\/#primaryimage"},"image":{"@id":"https:\/\/fcasagrande.org\/galeria\/#primaryimage"},"thumbnailUrl":"https:\/\/fcasagrande.org\/wp-content\/uploads\/2026\/01\/JR8_4663-2-1-1.jpg","datePublished":"2026-01-21T14:54:14+00:00","dateModified":"2026-01-21T21:15:09+00:00","breadcrumb":{"@id":"https:\/\/fcasagrande.org\/galeria\/#breadcrumb"},"inLanguage":"en-US","potentialAction":[{"@type":"ReadAction","target":["https:\/\/fcasagrande.org\/galeria\/"]}]},{"@type":"ImageObject","inLanguage":"en-US","@id":"https:\/\/fcasagrande.org\/galeria\/#primaryimage","url":"https:\/\/fcasagrande.org\/wp-content\/uploads\/2026\/01\/JR8_4663-2-1-1.jpg","contentUrl":"https:\/\/fcasagrande.org\/wp-content\/uploads\/2026\/01\/JR8_4663-2-1-1.jpg"},{"@type":"BreadcrumbList","@id":"https:\/\/fcasagrande.org\/galeria\/#breadcrumb","itemListElement":[{"@type":"ListItem","position":1,"name":"Portada","item":"https:\/\/fcasagrande.org\/"},{"@type":"ListItem","position":2,"name":"Galer\u00eda"}]},{"@type":"WebSite","@id":"https:\/\/fcasagrande.org\/#website","url":"https:\/\/fcasagrande.org\/","name":"Fundaci\u00f3n Casa Grande","description":"","publisher":{"@id":"https:\/\/fcasagrande.org\/#organization"},"potentialAction":[{"@type":"SearchAction","target":{"@type":"EntryPoint","urlTemplate":"https:\/\/fcasagrande.org\/?s={search_term_string}"},"query-input":{"@type":"PropertyValueSpecification","valueRequired":true,"valueName":"search_term_string"}}],"inLanguage":"en-US"},{"@type":"Organization","@id":"https:\/\/fcasagrande.org\/#organization","name":"Fundaci\u00f3n Casa Grande","url":"https:\/\/fcasagrande.org\/","logo":{"@type":"ImageObject","inLanguage":"en-US","@id":"https:\/\/fcasagrande.org\/#\/schema\/logo\/image\/","url":"https:\/\/fcasagrande.org\/wp-content\/uploads\/2026\/01\/Gemini_Generated_Image_89wy1b89wy1b89wy-1.svg","contentUrl":"https:\/\/fcasagrande.org\/wp-content\/uploads\/2026\/01\/Gemini_Generated_Image_89wy1b89wy1b89wy-1.svg","caption":"Fundaci\u00f3n Casa Grande"},"image":{"@id":"https:\/\/fcasagrande.org\/#\/schema\/logo\/image\/"}}]}},"_links":{"self":[{"href":"https:\/\/fcasagrande.org\/en\/wp-json\/wp\/v2\/pages\/18","targetHints":{"allow":["GET"]}}],"collection":[{"href":"https:\/\/fcasagrande.org\/en\/wp-json\/wp\/v2\/pages"}],"about":[{"href":"https:\/\/fcasagrande.org\/en\/wp-json\/wp\/v2\/types\/page"}],"author":[{"embeddable":true,"href":"https:\/\/fcasagrande.org\/en\/wp-json\/wp\/v2\/users\/1"}],"replies":[{"embeddable":true,"href":"https:\/\/fcasagrande.org\/en\/wp-json\/wp\/v2\/comments?post=18"}],"version-history":[{"count":7,"href":"https:\/\/fcasagrande.org\/en\/wp-json\/wp\/v2\/pages\/18\/revisions"}],"predecessor-version":[{"id":280,"href":"https:\/\/fcasagrande.org\/en\/wp-json\/wp\/v2\/pages\/18\/revisions\/280"}],"wp:attachment":[{"href":"https:\/\/fcasagrande.org\/en\/wp-json\/wp\/v2\/media?parent=18"}],"curies":[{"name":"wp","href":"https:\/\/api.w.org\/{rel}","templated":true}]}}