{"id":3,"date":"2026-01-20T11:59:08","date_gmt":"2026-01-20T11:59:08","guid":{"rendered":"https:\/\/fcasagrande.org\/?page_id=3"},"modified":"2026-01-21T21:17:54","modified_gmt":"2026-01-21T21:17:54","slug":"politica-de-privacidad","status":"publish","type":"page","link":"https:\/\/fcasagrande.org\/en\/politica-de-privacidad\/","title":{"rendered":"Pol\u00edtica de privacidad"},"content":{"rendered":"<div data-elementor-type=\"wp-page\" data-elementor-id=\"3\" class=\"elementor elementor-3\" data-elementor-post-type=\"page\">\n\t\t\t\t<div class=\"elementor-element elementor-element-4ea4d41 e-flex e-con-boxed e-con e-parent\" data-id=\"4ea4d41\" data-element_type=\"container\" data-settings=\"{&quot;background_background&quot;:&quot;gradient&quot;}\">\n\t\t\t\t\t<div class=\"e-con-inner\">\n\t\t<div class=\"elementor-element elementor-element-a8e470f e-con-full e-flex e-con e-child\" data-id=\"a8e470f\" data-element_type=\"container\">\n\t\t\t\t<div class=\"elementor-element elementor-element-f75e8a2 elementor-widget elementor-widget-heading\" data-id=\"f75e8a2\" data-element_type=\"widget\" data-widget_type=\"heading.default\">\n\t\t\t\t\t<span class=\"elementor-heading-title elementor-size-default\">Legal<\/span>\t\t\t\t<\/div>\n\t\t\t\t<div class=\"elementor-element elementor-element-1a44208 elementor-widget elementor-widget-heading\" data-id=\"1a44208\" data-element_type=\"widget\" data-widget_type=\"heading.default\">\n\t\t\t\t\t<h1 class=\"elementor-heading-title elementor-size-default\">Pol\u00edtica de privacidad<\/h1>\t\t\t\t<\/div>\n\t\t\t\t<\/div>\n\t\t\t\t\t<\/div>\n\t\t\t\t<\/div>\n\t\t<div class=\"elementor-element elementor-element-8b1141a e-flex e-con-boxed e-con e-parent\" data-id=\"8b1141a\" data-element_type=\"container\">\n\t\t\t\t\t<div class=\"e-con-inner\">\n\t\t\t\t<div class=\"elementor-element elementor-element-feda119 elementor-widget elementor-widget-heading\" data-id=\"feda119\" data-element_type=\"widget\" data-widget_type=\"heading.default\">\n\t\t\t\t\t<h2 class=\"elementor-heading-title elementor-size-default\">T\u00edtulo<\/h2>\t\t\t\t<\/div>\n\t\t\t\t<div class=\"elementor-element elementor-element-9e6e75d elementor-widget elementor-widget-text-editor\" data-id=\"9e6e75d\" data-element_type=\"widget\" data-widget_type=\"text-editor.default\">\n\t\t\t\t\t\t\t\t\t<p>Lorem ipsum dolor sit amet consectetur. Odio mi accumsan aliquet proin sit duis suspendisse tellus leo. Et vitae bibendum duis elementum arcu. Eget nulla libero gravida erat vivamus turpis malesuada in arcu. Rhoncus fames diam laoreet leo velit pellentesque velit. Eu maecenas id mollis eget neque ut nunc donec libero. Amet justo pretium arcu erat. Vivamus ut accumsan phasellus integer eu sit vehicula eleifend gravida. Massa purus massa sed vestibulum eu massa nunc pulvinar magna. Commodo maecenas elit morbi facilisi quis ac. Vel morbi vitae augue ut volutpat a consequat posuere tortor. Interdum montes libero ultricies adipiscing viverra non eget. Augue massa praesent morbi nulla est.<br \/>Arcu auctor dolor quis scelerisque viverra dictum. Placerat mattis tempor molestie morbi. Sed nulla bibendum lacus lectus cras malesuada. Enim elit neque dictum at nisl ultricies aenean scelerisque cursus. Semper arcu et amet nibh pellentesque libero. Dui neque gravida cursus sollicitudin neque iaculis non. Sed facilisi tellus lectus consectetur fames elementum nunc id. In egestas enim in non.<br \/>Diam a elit dolor tortor. Nunc feugiat montes magna accumsan amet lectus. In mauris aliquam neque diam gravida rhoncus faucibus dolor. Sed massa ut libero turpis. Nunc purus dolor elementum scelerisque vivamus feugiat.<br \/>Quis nisi urna egestas euismod fringilla pharetra. Faucibus elementum vivamus quam lectus ullamcorper mi tortor maecenas. Pellentesque varius ut viverra sit a augue nullam. Arcu egestas arcu vitae nulla vitae tristique sit amet et. Felis et at gravida dictumst.<br \/>Commodo auctor faucibus ultrices mi in arcu. Egestas id proin viverra lectus. Id sit ullamcorper molestie eros. Mattis tellus gravida id aliquam morbi et diam vitae. Ornare elit aliquet tempus tempor facilisi dictum eu tellus et. Viverra curabitur aenean sit et egestas mi mollis quam et.<\/p>\t\t\t\t\t\t\t\t<\/div>\n\t\t\t\t<div class=\"elementor-element elementor-element-430c804 elementor-widget elementor-widget-heading\" data-id=\"430c804\" data-element_type=\"widget\" data-widget_type=\"heading.default\">\n\t\t\t\t\t<h2 class=\"elementor-heading-title elementor-size-default\">Subt\u00edtulo<\/h2>\t\t\t\t<\/div>\n\t\t\t\t<div class=\"elementor-element elementor-element-d06b0c1 elementor-widget elementor-widget-text-editor\" data-id=\"d06b0c1\" data-element_type=\"widget\" data-widget_type=\"text-editor.default\">\n\t\t\t\t\t\t\t\t\t<p>Lorem ipsum dolor sit amet consectetur. Odio mi accumsan aliquet proin sit duis suspendisse tellus leo. Et vitae bibendum duis elementum arcu. Eget nulla libero gravida erat vivamus turpis malesuada in arcu. Rhoncus fames diam laoreet leo velit pellentesque velit. Eu maecenas id mollis eget neque ut nunc donec libero. Amet justo pretium arcu erat. Vivamus ut accumsan phasellus integer eu sit vehicula eleifend gravida. Massa purus massa sed vestibulum eu massa nunc pulvinar magna. Commodo maecenas elit morbi facilisi quis ac. Vel morbi vitae augue ut volutpat a consequat posuere tortor. Interdum montes libero ultricies adipiscing viverra non eget. Augue massa praesent morbi nulla est.<br \/>Arcu auctor dolor quis scelerisque viverra dictum. Placerat mattis tempor molestie morbi. Sed nulla bibendum lacus lectus cras malesuada. Enim elit neque dictum at nisl ultricies aenean scelerisque cursus. Semper arcu et amet nibh pellentesque libero. Dui neque gravida cursus sollicitudin neque iaculis non. Sed facilisi tellus lectus consectetur fames elementum nunc id. In egestas enim in non.<br \/>Diam a elit dolor tortor. Nunc feugiat montes magna accumsan amet lectus. In mauris aliquam neque diam gravida rhoncus faucibus dolor. Sed massa ut libero turpis. Nunc purus dolor elementum scelerisque vivamus feugiat.<br \/>Quis nisi urna egestas euismod fringilla pharetra. Faucibus elementum vivamus quam lectus ullamcorper mi tortor maecenas. Pellentesque varius ut viverra sit a augue nullam. Arcu egestas arcu vitae nulla vitae tristique sit amet et. Felis et at gravida dictumst.<br \/>Commodo auctor faucibus ultrices mi in arcu. Egestas id proin viverra lectus. Id sit ullamcorper molestie eros. Mattis tellus gravida id aliquam morbi et diam vitae. Ornare elit aliquet tempus tempor facilisi dictum eu tellus et. Viverra curabitur aenean sit et egestas mi mollis quam et.<\/p>\t\t\t\t\t\t\t\t<\/div>\n\t\t\t\t<div class=\"elementor-element elementor-element-461b91a elementor-widget elementor-widget-heading\" data-id=\"461b91a\" data-element_type=\"widget\" data-widget_type=\"heading.default\">\n\t\t\t\t\t<h2 class=\"elementor-heading-title elementor-size-default\">Subt\u00edtulo<\/h2>\t\t\t\t<\/div>\n\t\t\t\t<div class=\"elementor-element elementor-element-4d7b81b elementor-widget elementor-widget-text-editor\" data-id=\"4d7b81b\" data-element_type=\"widget\" data-widget_type=\"text-editor.default\">\n\t\t\t\t\t\t\t\t\t<p>Lorem ipsum dolor sit amet consectetur. Odio mi accumsan aliquet proin sit duis suspendisse tellus leo. Et vitae bibendum duis elementum arcu. Eget nulla libero gravida erat vivamus turpis malesuada in arcu. Rhoncus fames diam laoreet leo velit pellentesque velit. Eu maecenas id mollis eget neque ut nunc donec libero. Amet justo pretium arcu erat. Vivamus ut accumsan phasellus integer eu sit vehicula eleifend gravida. Massa purus massa sed vestibulum eu massa nunc pulvinar magna. Commodo maecenas elit morbi facilisi quis ac. Vel morbi vitae augue ut volutpat a consequat posuere tortor. Interdum montes libero ultricies adipiscing viverra non eget. Augue massa praesent morbi nulla est.<br \/>Arcu auctor dolor quis scelerisque viverra dictum. Placerat mattis tempor molestie morbi. Sed nulla bibendum lacus lectus cras malesuada. Enim elit neque dictum at nisl ultricies aenean scelerisque cursus. Semper arcu et amet nibh pellentesque libero. Dui neque gravida cursus sollicitudin neque iaculis non. Sed facilisi tellus lectus consectetur fames elementum nunc id. In egestas enim in non.<br \/>Diam a elit dolor tortor. Nunc feugiat montes magna accumsan amet lectus. In mauris aliquam neque diam gravida rhoncus faucibus dolor. Sed massa ut libero turpis. Nunc purus dolor elementum scelerisque vivamus feugiat.<br \/>Quis nisi urna egestas euismod fringilla pharetra. Faucibus elementum vivamus quam lectus ullamcorper mi tortor maecenas. Pellentesque varius ut viverra sit a augue nullam. Arcu egestas arcu vitae nulla vitae tristique sit amet et. Felis et at gravida dictumst.<br \/>Commodo auctor faucibus ultrices mi in arcu. Egestas id proin viverra lectus. Id sit ullamcorper molestie eros. Mattis tellus gravida id aliquam morbi et diam vitae. Ornare elit aliquet tempus tempor facilisi dictum eu tellus et. Viverra curabitur aenean sit et egestas mi mollis quam et.<\/p>\t\t\t\t\t\t\t\t<\/div>\n\t\t\t\t\t<\/div>\n\t\t\t\t<\/div>\n\t\t\t\t<\/div>","protected":false},"excerpt":{"rendered":"<p>Legal T\u00edtulo Lorem ipsum dolor sit amet consectetur. Odio mi accumsan aliquet proin sit duis suspendisse tellus leo. Et vitae bibendum duis elementum arcu. Eget nulla libero gravida erat vivamus turpis malesuada in arcu. Rhoncus fames diam laoreet leo velit pellentesque velit. Eu maecenas id mollis eget neque ut nunc donec libero. Amet justo pretium [&hellip;]<\/p>","protected":false},"author":1,"featured_media":0,"parent":0,"menu_order":0,"comment_status":"closed","ping_status":"closed","template":"","meta":{"footnotes":""},"class_list":["post-3","page","type-page","status-publish","hentry"],"yoast_head":"<!-- This site is optimized with the Yoast SEO plugin v26.9 - https:\/\/yoast.com\/product\/yoast-seo-wordpress\/ -->\n<title>Pol\u00edtica de privacidad - Fundaci\u00f3n Casa Grande<\/title>\n<meta name=\"robots\" content=\"index, follow, max-snippet:-1, max-image-preview:large, max-video-preview:-1\" \/>\n<link rel=\"canonical\" href=\"https:\/\/fcasagrande.org\/en\/politica-de-privacidad\/\" \/>\n<meta property=\"og:locale\" content=\"en_US\" \/>\n<meta property=\"og:type\" content=\"article\" \/>\n<meta property=\"og:title\" content=\"Pol\u00edtica de privacidad - Fundaci\u00f3n Casa Grande\" \/>\n<meta property=\"og:description\" content=\"Legal T\u00edtulo Lorem ipsum dolor sit amet consectetur. Odio mi accumsan aliquet proin sit duis suspendisse tellus leo. Et vitae bibendum duis elementum arcu. Eget nulla libero gravida erat vivamus turpis malesuada in arcu. Rhoncus fames diam laoreet leo velit pellentesque velit. Eu maecenas id mollis eget neque ut nunc donec libero. Amet justo pretium [&hellip;]\" \/>\n<meta property=\"og:url\" content=\"https:\/\/fcasagrande.org\/en\/politica-de-privacidad\/\" \/>\n<meta property=\"og:site_name\" content=\"Fundaci\u00f3n Casa Grande\" \/>\n<meta property=\"article:modified_time\" content=\"2026-01-21T21:17:54+00:00\" \/>\n<meta name=\"twitter:card\" content=\"summary_large_image\" \/>\n<meta name=\"twitter:label1\" content=\"Est. reading time\" \/>\n\t<meta name=\"twitter:data1\" content=\"4 minutes\" \/>\n<script type=\"application\/ld+json\" class=\"yoast-schema-graph\">{\"@context\":\"https:\/\/schema.org\",\"@graph\":[{\"@type\":\"WebPage\",\"@id\":\"https:\/\/fcasagrande.org\/politica-de-privacidad\/\",\"url\":\"https:\/\/fcasagrande.org\/politica-de-privacidad\/\",\"name\":\"Pol\u00edtica de privacidad - Fundaci\u00f3n Casa Grande\",\"isPartOf\":{\"@id\":\"https:\/\/fcasagrande.org\/#website\"},\"datePublished\":\"2026-01-20T11:59:08+00:00\",\"dateModified\":\"2026-01-21T21:17:54+00:00\",\"breadcrumb\":{\"@id\":\"https:\/\/fcasagrande.org\/politica-de-privacidad\/#breadcrumb\"},\"inLanguage\":\"en-US\",\"potentialAction\":[{\"@type\":\"ReadAction\",\"target\":[\"https:\/\/fcasagrande.org\/politica-de-privacidad\/\"]}]},{\"@type\":\"BreadcrumbList\",\"@id\":\"https:\/\/fcasagrande.org\/politica-de-privacidad\/#breadcrumb\",\"itemListElement\":[{\"@type\":\"ListItem\",\"position\":1,\"name\":\"Portada\",\"item\":\"https:\/\/fcasagrande.org\/\"},{\"@type\":\"ListItem\",\"position\":2,\"name\":\"Pol\u00edtica de privacidad\"}]},{\"@type\":\"WebSite\",\"@id\":\"https:\/\/fcasagrande.org\/#website\",\"url\":\"https:\/\/fcasagrande.org\/\",\"name\":\"Fundaci\u00f3n Casa Grande\",\"description\":\"\",\"publisher\":{\"@id\":\"https:\/\/fcasagrande.org\/#organization\"},\"potentialAction\":[{\"@type\":\"SearchAction\",\"target\":{\"@type\":\"EntryPoint\",\"urlTemplate\":\"https:\/\/fcasagrande.org\/?s={search_term_string}\"},\"query-input\":{\"@type\":\"PropertyValueSpecification\",\"valueRequired\":true,\"valueName\":\"search_term_string\"}}],\"inLanguage\":\"en-US\"},{\"@type\":\"Organization\",\"@id\":\"https:\/\/fcasagrande.org\/#organization\",\"name\":\"Fundaci\u00f3n Casa Grande\",\"url\":\"https:\/\/fcasagrande.org\/\",\"logo\":{\"@type\":\"ImageObject\",\"inLanguage\":\"en-US\",\"@id\":\"https:\/\/fcasagrande.org\/#\/schema\/logo\/image\/\",\"url\":\"https:\/\/fcasagrande.org\/wp-content\/uploads\/2026\/01\/Gemini_Generated_Image_89wy1b89wy1b89wy-1.svg\",\"contentUrl\":\"https:\/\/fcasagrande.org\/wp-content\/uploads\/2026\/01\/Gemini_Generated_Image_89wy1b89wy1b89wy-1.svg\",\"caption\":\"Fundaci\u00f3n Casa Grande\"},\"image\":{\"@id\":\"https:\/\/fcasagrande.org\/#\/schema\/logo\/image\/\"}}]}<\/script>\n<!-- \/ Yoast SEO plugin. -->","yoast_head_json":{"title":"Pol\u00edtica de privacidad - Fundaci\u00f3n Casa Grande","robots":{"index":"index","follow":"follow","max-snippet":"max-snippet:-1","max-image-preview":"max-image-preview:large","max-video-preview":"max-video-preview:-1"},"canonical":"https:\/\/fcasagrande.org\/en\/politica-de-privacidad\/","og_locale":"en_US","og_type":"article","og_title":"Pol\u00edtica de privacidad - Fundaci\u00f3n Casa Grande","og_description":"Legal T\u00edtulo Lorem ipsum dolor sit amet consectetur. Odio mi accumsan aliquet proin sit duis suspendisse tellus leo. Et vitae bibendum duis elementum arcu. Eget nulla libero gravida erat vivamus turpis malesuada in arcu. Rhoncus fames diam laoreet leo velit pellentesque velit. Eu maecenas id mollis eget neque ut nunc donec libero. Amet justo pretium [&hellip;]","og_url":"https:\/\/fcasagrande.org\/en\/politica-de-privacidad\/","og_site_name":"Fundaci\u00f3n Casa Grande","article_modified_time":"2026-01-21T21:17:54+00:00","twitter_card":"summary_large_image","twitter_misc":{"Est. reading time":"4 minutes"},"schema":{"@context":"https:\/\/schema.org","@graph":[{"@type":"WebPage","@id":"https:\/\/fcasagrande.org\/politica-de-privacidad\/","url":"https:\/\/fcasagrande.org\/politica-de-privacidad\/","name":"Pol\u00edtica de privacidad - Fundaci\u00f3n Casa Grande","isPartOf":{"@id":"https:\/\/fcasagrande.org\/#website"},"datePublished":"2026-01-20T11:59:08+00:00","dateModified":"2026-01-21T21:17:54+00:00","breadcrumb":{"@id":"https:\/\/fcasagrande.org\/politica-de-privacidad\/#breadcrumb"},"inLanguage":"en-US","potentialAction":[{"@type":"ReadAction","target":["https:\/\/fcasagrande.org\/politica-de-privacidad\/"]}]},{"@type":"BreadcrumbList","@id":"https:\/\/fcasagrande.org\/politica-de-privacidad\/#breadcrumb","itemListElement":[{"@type":"ListItem","position":1,"name":"Portada","item":"https:\/\/fcasagrande.org\/"},{"@type":"ListItem","position":2,"name":"Pol\u00edtica de privacidad"}]},{"@type":"WebSite","@id":"https:\/\/fcasagrande.org\/#website","url":"https:\/\/fcasagrande.org\/","name":"Fundaci\u00f3n Casa Grande","description":"","publisher":{"@id":"https:\/\/fcasagrande.org\/#organization"},"potentialAction":[{"@type":"SearchAction","target":{"@type":"EntryPoint","urlTemplate":"https:\/\/fcasagrande.org\/?s={search_term_string}"},"query-input":{"@type":"PropertyValueSpecification","valueRequired":true,"valueName":"search_term_string"}}],"inLanguage":"en-US"},{"@type":"Organization","@id":"https:\/\/fcasagrande.org\/#organization","name":"Fundaci\u00f3n Casa Grande","url":"https:\/\/fcasagrande.org\/","logo":{"@type":"ImageObject","inLanguage":"en-US","@id":"https:\/\/fcasagrande.org\/#\/schema\/logo\/image\/","url":"https:\/\/fcasagrande.org\/wp-content\/uploads\/2026\/01\/Gemini_Generated_Image_89wy1b89wy1b89wy-1.svg","contentUrl":"https:\/\/fcasagrande.org\/wp-content\/uploads\/2026\/01\/Gemini_Generated_Image_89wy1b89wy1b89wy-1.svg","caption":"Fundaci\u00f3n Casa Grande"},"image":{"@id":"https:\/\/fcasagrande.org\/#\/schema\/logo\/image\/"}}]}},"_links":{"self":[{"href":"https:\/\/fcasagrande.org\/en\/wp-json\/wp\/v2\/pages\/3","targetHints":{"allow":["GET"]}}],"collection":[{"href":"https:\/\/fcasagrande.org\/en\/wp-json\/wp\/v2\/pages"}],"about":[{"href":"https:\/\/fcasagrande.org\/en\/wp-json\/wp\/v2\/types\/page"}],"author":[{"embeddable":true,"href":"https:\/\/fcasagrande.org\/en\/wp-json\/wp\/v2\/users\/1"}],"replies":[{"embeddable":true,"href":"https:\/\/fcasagrande.org\/en\/wp-json\/wp\/v2\/comments?post=3"}],"version-history":[{"count":4,"href":"https:\/\/fcasagrande.org\/en\/wp-json\/wp\/v2\/pages\/3\/revisions"}],"predecessor-version":[{"id":293,"href":"https:\/\/fcasagrande.org\/en\/wp-json\/wp\/v2\/pages\/3\/revisions\/293"}],"wp:attachment":[{"href":"https:\/\/fcasagrande.org\/en\/wp-json\/wp\/v2\/media?parent=3"}],"curies":[{"name":"wp","href":"https:\/\/api.w.org\/{rel}","templated":true}]}}